{"id":2067,"date":"2019-12-12T15:50:18","date_gmt":"2019-12-12T15:50:18","guid":{"rendered":"http:\/\/okthemes.com\/lucia-vineyards-demo\/?page_id=2067"},"modified":"2022-09-09T22:47:22","modified_gmt":"2022-09-09T22:47:22","slug":"visit","status":"publish","type":"page","link":"https:\/\/www.modrakworld.com\/?page_id=2067","title":{"rendered":"Visit"},"content":{"rendered":"<p>[vc_row css=&#8221;.vc_custom_1580216393405{padding-right: 0px !important;padding-left: 0px !important;}&#8221;][vc_column width=&#8221;1\/2&#8243;]\n\t<div class=\"gg-clubbox \" style=\"text-align:left;\">\n\t\t<div class=\"club-image\"> <img class=\"wp-post-image\" src=\" https:\/\/www.modrakworld.com\/wp-content\/uploads\/2022\/03\/1.jpg \" alt=\"\" \/> <\/div>\n\t\t<div class=\"gg-clubbox-content gg-left\">\n\t\t<span class=\"club-top-title\" >Ubytovanie<\/span>\n\t\t<h3 class=\"club-title\" >Penzi\u00f3n Ra\u010d\u00ed \u00fadol\u00ed<\/h3>\n\t\t<div class=\"club-description\" ><p>Vzdialenos\u0165 od Tan\u010diarne &#8211; 300m<\/p>\n<\/div>\n\t\t<p class=\"club-price\" > <span class=\"club-price-affix\" ><\/span><\/p>\n\t<div class=\"clearfix\"><\/div><a class=\"club-link button btn-primary\" href=\"https:\/\/www.raciudoli.cz\/rezervace-objednavka-ubytovani-rychlebske-hory\/\" title=\"UBYTOVANIE\" target=\"_blank\">UBYTOVANIE<\/a>\n\t<\/div>\n\t<\/div>[\/vc_column][vc_column width=&#8221;1\/2&#8243;]\n\t<div class=\"gg-clubbox \" style=\"text-align:left;\">\n\t\t<div class=\"club-image\"> <img class=\"wp-post-image\" src=\" https:\/\/www.modrakworld.com\/wp-content\/uploads\/2022\/03\/2.jpg \" alt=\"\" \/> <\/div>\n\t\t<div class=\"gg-clubbox-content gg-left\">\n\t\t<span class=\"club-top-title\" >UBYTOVANIE<\/span>\n\t\t<h3 class=\"club-title\" >Vila Tabita<\/h3>\n\t\t<div class=\"club-description\" ><p>Vzdialenos\u0165 od Tan\u010diarne &#8211; 15m<\/p>\n<\/div>\n\t\t<p class=\"club-price\" > <span class=\"club-price-affix\" ><\/span><\/p>\n\t<div class=\"clearfix\"><\/div><a class=\"club-link button btn-primary\" href=\"https:\/\/www.ekocentrumrychleby.cz\/ubytovani\/penzion-tabita\/\" title=\"ubytovanie\" target=\"_blank\">ubytovanie<\/a>\n\t<\/div>\n\t<\/div>[\/vc_column][\/vc_row][vc_row css=&#8221;.vc_custom_1580216393405{padding-right: 0px !important;padding-left: 0px !important;}&#8221;][vc_column width=&#8221;1\/2&#8243;]\n\t<div class=\"gg-clubbox \" style=\"text-align:left;\">\n\t\t<div class=\"club-image\"> <img class=\"wp-post-image\" src=\" https:\/\/www.modrakworld.com\/wp-content\/uploads\/2022\/04\/00Z.jpg \" alt=\"\" \/> <\/div>\n\t\t<div class=\"gg-clubbox-content gg-left\">\n\t\t<span class=\"club-top-title\" >Ubytovanie<\/span>\n\t\t<h3 class=\"club-title\" >Hotel pod Z\u00e1mkem<\/h3>\n\t\t<div class=\"club-description\" ><p>Vzdialenos\u0165 od Tan\u010diarne &#8211; 3,3km<\/p>\n<\/div>\n\t\t<p class=\"club-price\" > <span class=\"club-price-affix\" ><\/span><\/p>\n\t<div class=\"clearfix\"><\/div><a class=\"club-link button btn-primary\" href=\"https:\/\/www.booking.com\/hotel\/cz\/pod-zamkem-javornik.en-us.html?aid=2225034;label=cuform-city-backlclik2-direct-2022-04-26_10%3A57%3A45-ct_ntab-whotel-hotel_pod_z_mkem-wzXQCOgt4KaAIDFjY-desktop;sid=327d569e951b4bda4ec91336ecb4d44b;dest_id=6859175;dest_type=hotel;dist=0;group_adults=2;group_children=0;hapos=1;hpos=1;no_rooms=1;req_adults=2;req_children=0;room1=A%2CA;sb_price_type=total;sr_order=popularity;srepoch=1650979809;srpvid=4bad5eefc9ce00f0;type=total;ucfs=1&#038;#availability\" title=\"ubytovanie\" target=\"_blank\">ubytovanie<\/a>\n\t<\/div>\n\t<\/div>[\/vc_column][vc_column width=&#8221;1\/2&#8243;]\n\t<div class=\"gg-clubbox \" style=\"text-align:left;\">\n\t\t<div class=\"club-image\"> <img class=\"wp-post-image\" src=\" https:\/\/www.modrakworld.com\/wp-content\/uploads\/2022\/03\/4.jpg \" alt=\"\" \/> <\/div>\n\t\t<div class=\"gg-clubbox-content gg-left\">\n\t\t<span class=\"club-top-title\" >ubytovanie<\/span>\n\t\t<h3 class=\"club-title\" >Penzi\u00f3n Dome\u010dek<\/h3>\n\t\t<div class=\"club-description\" ><p>Vzdialenos\u0165 od Tan\u010diarne &#8211; 9km<\/p>\n<\/div>\n\t\t<p class=\"club-price\" > <span class=\"club-price-affix\" ><\/span><\/p>\n\t<div class=\"clearfix\"><\/div><a class=\"club-link button btn-primary\" href=\"https:\/\/bernartice.eu\/default\/default\/3710_penzion-domecek\" title=\"ubytovanie\" target=\"_self\">ubytovanie<\/a>\n\t<\/div>\n\t<\/div>[\/vc_column][\/vc_row][vc_row css=&#8221;.vc_custom_1580216393405{padding-right: 0px !important;padding-left: 0px !important;}&#8221;][vc_column width=&#8221;1\/2&#8243;]\n\t<div class=\"gg-clubbox \" style=\"text-align:left;\">\n\t\t<div class=\"club-image\"> <img class=\"wp-post-image\" src=\" https:\/\/www.modrakworld.com\/wp-content\/uploads\/2022\/09\/EABA17A4-E282-491F-91DB-252877D1E4F2-e1662764021369.jpeg \" alt=\"\" \/> <\/div>\n\t\t<div class=\"gg-clubbox-content gg-left\">\n\t\t<span class=\"club-top-title\" >Ubytovanie<\/span>\n\t\t<h3 class=\"club-title\" >Apartm\u00e1ny Wellness Rychleby<\/h3>\n\t\t<div class=\"club-description\" ><p>Vzdialenos\u0165 od Tan\u010diarne &#8211; 3,1km<\/p>\n<\/div>\n\t\t<p class=\"club-price\" > <span class=\"club-price-affix\" ><\/span><\/p>\n\t<div class=\"clearfix\"><\/div><a class=\"club-link button btn-primary\" href=\"http:\/\/www.wellness-rychleby.cz\/cs\/ubytovani\/\" title=\"ubytovanie\" target=\"_self\">ubytovanie<\/a>\n\t<\/div>\n\t<\/div>[\/vc_column][vc_column width=&#8221;1\/2&#8243;]\n\t<div class=\"gg-clubbox \" style=\"text-align:left;\">\n\t\t<div class=\"club-image\"> <img class=\"wp-post-image\" src=\" https:\/\/www.modrakworld.com\/wp-content\/uploads\/2022\/06\/taverna01.jpg \" alt=\"\" \/> <\/div>\n\t\t<div class=\"gg-clubbox-content gg-left\">\n\t\t<span class=\"club-top-title\" >ubytovanie<\/span>\n\t\t<h3 class=\"club-title\" >Taverna<\/h3>\n\t\t<div class=\"club-description\" ><p>Vzdialenos\u0165 od Tan\u010diarne &#8211; 3,1km<\/p>\n<\/div>\n\t\t<p class=\"club-price\" > <span class=\"club-price-affix\" ><\/span><\/p>\n\t<div class=\"clearfix\"><\/div><a class=\"club-link button btn-primary\" href=\"https:\/\/www.hotel-taverna.cz\/\" title=\"ubytovanie\" target=\"_self\">ubytovanie<\/a>\n\t<\/div>\n\t<\/div>[\/vc_column][\/vc_row]<\/p>\n","protected":false},"excerpt":{"rendered":"<p>[vc_row css=&#8221;.vc_custom_1580216393405{padding-right: 0px !important;padding-left: 0px !important;}&#8221;][vc_column width=&#8221;1\/2&#8243;][\/vc_column][vc_column width=&#8221;1\/2&#8243;][\/vc_column][\/vc_row][vc_row css=&#8221;.vc_custom_1580216393405{padding-right: 0px !important;padding-left: 0px !important;}&#8221;][vc_column width=&#8221;1\/2&#8243;][\/vc_column][vc_column width=&#8221;1\/2&#8243;][\/vc_column][\/vc_row][vc_row css=&#8221;.vc_custom_1580216393405{padding-right: 0px !important;padding-left: 0px !important;}&#8221;][vc_column width=&#8221;1\/2&#8243;][\/vc_column][vc_column width=&#8221;1\/2&#8243;][\/vc_column][\/vc_row]<\/p>\n","protected":false},"author":1,"featured_media":0,"parent":0,"menu_order":0,"comment_status":"closed","ping_status":"closed","template":"","meta":[],"yoast_head":"<!-- This site is optimized with the Yoast SEO plugin v18.0 - https:\/\/yoast.com\/wordpress\/plugins\/seo\/ -->\n<title>Visit - Modr\u00e1k - \u010carovn\u00fd svet tanca<\/title>\n<meta name=\"robots\" content=\"index, follow, max-snippet:-1, max-image-preview:large, max-video-preview:-1\" \/>\n<link rel=\"canonical\" href=\"https:\/\/www.modrakworld.com\/?page_id=2067\" \/>\n<meta property=\"og:locale\" content=\"en_US\" \/>\n<meta property=\"og:type\" content=\"article\" \/>\n<meta property=\"og:title\" content=\"Visit - Modr\u00e1k - \u010carovn\u00fd svet tanca\" \/>\n<meta property=\"og:description\" content=\"[vc_row css=&#8221;.vc_custom_1580216393405{padding-right: 0px !important;padding-left: 0px !important;}&#8221;][vc_column width=&#8221;1\/2&#8243;][\/vc_column][vc_column width=&#8221;1\/2&#8243;][\/vc_column][\/vc_row][vc_row css=&#8221;.vc_custom_1580216393405{padding-right: 0px !important;padding-left: 0px !important;}&#8221;][vc_column width=&#8221;1\/2&#8243;][\/vc_column][vc_column width=&#8221;1\/2&#8243;][\/vc_column][\/vc_row][vc_row css=&#8221;.vc_custom_1580216393405{padding-right: 0px !important;padding-left: 0px !important;}&#8221;][vc_column width=&#8221;1\/2&#8243;][\/vc_column][vc_column width=&#8221;1\/2&#8243;][\/vc_column][\/vc_row]\" \/>\n<meta property=\"og:url\" content=\"https:\/\/www.modrakworld.com\/?page_id=2067\" \/>\n<meta property=\"og:site_name\" content=\"Modr\u00e1k - \u010carovn\u00fd svet tanca\" \/>\n<meta property=\"article:modified_time\" content=\"2022-09-09T22:47:22+00:00\" \/>\n<meta name=\"twitter:card\" content=\"summary_large_image\" \/>\n<meta name=\"twitter:label1\" content=\"Est. reading time\" \/>\n\t<meta name=\"twitter:data1\" content=\"1 minute\" \/>\n<script type=\"application\/ld+json\" class=\"yoast-schema-graph\">{\"@context\":\"https:\/\/schema.org\",\"@graph\":[{\"@type\":\"WebSite\",\"@id\":\"https:\/\/www.modrakworld.com\/#website\",\"url\":\"https:\/\/www.modrakworld.com\/\",\"name\":\"Modr\u00e1k - \u010carovn\u00fd svet tanca\",\"description\":\"Modr\u00e1k - \u010carovn\u00fd svet tanca\",\"potentialAction\":[{\"@type\":\"SearchAction\",\"target\":{\"@type\":\"EntryPoint\",\"urlTemplate\":\"https:\/\/www.modrakworld.com\/?s={search_term_string}\"},\"query-input\":\"required name=search_term_string\"}],\"inLanguage\":\"en-US\"},{\"@type\":\"WebPage\",\"@id\":\"https:\/\/www.modrakworld.com\/?page_id=2067#webpage\",\"url\":\"https:\/\/www.modrakworld.com\/?page_id=2067\",\"name\":\"Visit - Modr\u00e1k - \u010carovn\u00fd svet tanca\",\"isPartOf\":{\"@id\":\"https:\/\/www.modrakworld.com\/#website\"},\"datePublished\":\"2019-12-12T15:50:18+00:00\",\"dateModified\":\"2022-09-09T22:47:22+00:00\",\"breadcrumb\":{\"@id\":\"https:\/\/www.modrakworld.com\/?page_id=2067#breadcrumb\"},\"inLanguage\":\"en-US\",\"potentialAction\":[{\"@type\":\"ReadAction\",\"target\":[\"https:\/\/www.modrakworld.com\/?page_id=2067\"]}]},{\"@type\":\"BreadcrumbList\",\"@id\":\"https:\/\/www.modrakworld.com\/?page_id=2067#breadcrumb\",\"itemListElement\":[{\"@type\":\"ListItem\",\"position\":1,\"name\":\"\u00davod\",\"item\":\"https:\/\/www.modrakworld.com\/\"},{\"@type\":\"ListItem\",\"position\":2,\"name\":\"Visit\"}]}]}<\/script>\n<!-- \/ Yoast SEO plugin. -->","yoast_head_json":{"title":"Visit - Modr\u00e1k - \u010carovn\u00fd svet tanca","robots":{"index":"index","follow":"follow","max-snippet":"max-snippet:-1","max-image-preview":"max-image-preview:large","max-video-preview":"max-video-preview:-1"},"canonical":"https:\/\/www.modrakworld.com\/?page_id=2067","og_locale":"en_US","og_type":"article","og_title":"Visit - Modr\u00e1k - \u010carovn\u00fd svet tanca","og_description":"[vc_row css=&#8221;.vc_custom_1580216393405{padding-right: 0px !important;padding-left: 0px !important;}&#8221;][vc_column width=&#8221;1\/2&#8243;][\/vc_column][vc_column width=&#8221;1\/2&#8243;][\/vc_column][\/vc_row][vc_row css=&#8221;.vc_custom_1580216393405{padding-right: 0px !important;padding-left: 0px !important;}&#8221;][vc_column width=&#8221;1\/2&#8243;][\/vc_column][vc_column width=&#8221;1\/2&#8243;][\/vc_column][\/vc_row][vc_row css=&#8221;.vc_custom_1580216393405{padding-right: 0px !important;padding-left: 0px !important;}&#8221;][vc_column width=&#8221;1\/2&#8243;][\/vc_column][vc_column width=&#8221;1\/2&#8243;][\/vc_column][\/vc_row]","og_url":"https:\/\/www.modrakworld.com\/?page_id=2067","og_site_name":"Modr\u00e1k - \u010carovn\u00fd svet tanca","article_modified_time":"2022-09-09T22:47:22+00:00","twitter_card":"summary_large_image","twitter_misc":{"Est. reading time":"1 minute"},"schema":{"@context":"https:\/\/schema.org","@graph":[{"@type":"WebSite","@id":"https:\/\/www.modrakworld.com\/#website","url":"https:\/\/www.modrakworld.com\/","name":"Modr\u00e1k - \u010carovn\u00fd svet tanca","description":"Modr\u00e1k - \u010carovn\u00fd svet tanca","potentialAction":[{"@type":"SearchAction","target":{"@type":"EntryPoint","urlTemplate":"https:\/\/www.modrakworld.com\/?s={search_term_string}"},"query-input":"required name=search_term_string"}],"inLanguage":"en-US"},{"@type":"WebPage","@id":"https:\/\/www.modrakworld.com\/?page_id=2067#webpage","url":"https:\/\/www.modrakworld.com\/?page_id=2067","name":"Visit - Modr\u00e1k - \u010carovn\u00fd svet tanca","isPartOf":{"@id":"https:\/\/www.modrakworld.com\/#website"},"datePublished":"2019-12-12T15:50:18+00:00","dateModified":"2022-09-09T22:47:22+00:00","breadcrumb":{"@id":"https:\/\/www.modrakworld.com\/?page_id=2067#breadcrumb"},"inLanguage":"en-US","potentialAction":[{"@type":"ReadAction","target":["https:\/\/www.modrakworld.com\/?page_id=2067"]}]},{"@type":"BreadcrumbList","@id":"https:\/\/www.modrakworld.com\/?page_id=2067#breadcrumb","itemListElement":[{"@type":"ListItem","position":1,"name":"\u00davod","item":"https:\/\/www.modrakworld.com\/"},{"@type":"ListItem","position":2,"name":"Visit"}]}]}},"_links":{"self":[{"href":"https:\/\/www.modrakworld.com\/index.php?rest_route=\/wp\/v2\/pages\/2067"}],"collection":[{"href":"https:\/\/www.modrakworld.com\/index.php?rest_route=\/wp\/v2\/pages"}],"about":[{"href":"https:\/\/www.modrakworld.com\/index.php?rest_route=\/wp\/v2\/types\/page"}],"author":[{"embeddable":true,"href":"https:\/\/www.modrakworld.com\/index.php?rest_route=\/wp\/v2\/users\/1"}],"replies":[{"embeddable":true,"href":"https:\/\/www.modrakworld.com\/index.php?rest_route=%2Fwp%2Fv2%2Fcomments&post=2067"}],"version-history":[{"count":6,"href":"https:\/\/www.modrakworld.com\/index.php?rest_route=\/wp\/v2\/pages\/2067\/revisions"}],"predecessor-version":[{"id":4410,"href":"https:\/\/www.modrakworld.com\/index.php?rest_route=\/wp\/v2\/pages\/2067\/revisions\/4410"}],"wp:attachment":[{"href":"https:\/\/www.modrakworld.com\/index.php?rest_route=%2Fwp%2Fv2%2Fmedia&parent=2067"}],"curies":[{"name":"wp","href":"https:\/\/api.w.org\/{rel}","templated":true}]}}