{"id":4335,"date":"2022-06-01T09:50:41","date_gmt":"2022-06-01T09:50:41","guid":{"rendered":"https:\/\/www.modrakworld.com\/?page_id=4335"},"modified":"2022-06-02T11:29:43","modified_gmt":"2022-06-02T11:29:43","slug":"tim","status":"publish","type":"page","link":"https:\/\/www.modrakworld.com\/?page_id=4335","title":{"rendered":"T\u00edm"},"content":{"rendered":"<p>[vc_row css=&#8221;.vc_custom_1580216393405{padding-right: 0px !important;padding-left: 0px !important;}&#8221;][vc_column][vc_custom_heading text=&#8221;N\u00c1\u0160 T\u00cdM&#8221; font_container=&#8221;tag:h2|text_align:center&#8221; google_fonts=&#8221;font_family:Roboto%20Slab%3A100%2C300%2Cregular%2C700|font_style:400%20regular%3A400%3Anormal&#8221;][vc_single_image image=&#8221;4378&#8243; img_size=&#8221;full&#8221; alignment=&#8221;center&#8221;][vc_column_text]<\/p>\n<h4><strong>Peter Modrovsk\u00fd<\/strong><\/h4>\n<p><strong>Tane\u010dn\u00e9 \u00faspechy<\/strong><br \/>\nS tancom za\u010dal ako 8 ro\u010dn\u00fd v T\u0160 Jagermajster u man\u017eelov J\u00e1gersk\u00fdch<br \/>\n\u2022 Partnerka Barbora Jan\u010dinov\u00e1<br \/>\n\u2022 Vicemajstri SR v \u0161tandardn\u00fdch tancoch 2003 \u2013 kateg\u00f3ria ml\u00e1de\u017e<br \/>\n\u2022 Finalisti Majstrovstiev SR v \u0161tandardn\u00fdch tancoch 2004\/5\/6, Vicemajstri v roku 2006 \u2013 kateg\u00f3ria Dospel\u00ed<br \/>\n\u2022 Vicemajstri Majstrovstiev SR v 10tich tancoch 2005, tie\u017e finalisti v roku 2004<br \/>\n\u2022 Akademick\u00fd Majstri SR v \u0161tandardn\u00fdch tancoch 2004, 2005<br \/>\n\u2022 Majstri SR Dru\u017estv\u00e1 (3 p\u00e1ry) 2005<br \/>\n\u2022 Majstri SR Exib\u00edcia \u0161tandardn\u00e9 tance 2006, Vicemajstri v 2007<br \/>\n\u2022 Viacn\u00e1sobn\u00fd finalisti svetov\u00fdch s\u00fa\u0165a\u017e\u00ed<br \/>\n\u2022 Obsadenie 33. prie\u010dky v svetovom rebr\u00ed\u010dku<br \/>\n\u2022 Medzin\u00e1rodn\u00e1 v\u00fdkonnostn\u00e1 trieda S<\/p>\n<p><strong>Tr\u00e9nersk\u00e1 \u010dinnos\u0165<\/strong><br \/>\n\u2022 U\u010dite\u013e tanca<br \/>\n\u2022 Zakladate\u013e Tane\u010dnej akad\u00e9mie Dansovia, Tane\u010dn\u00e1 akad\u00e9mia m\u00e1 jednu z najv\u00e4\u010d\u0161\u00edch z\u00e1kladn\u00ed detsk\u00fdch a juniorsk\u00fdch p\u00e1rov na Slovensku<br \/>\n\u2022 Akt\u00edvna tr\u00e9nersk\u00e1 \u010dinnos\u0165<br \/>\n\u2022 Moment\u00e1lne vyu\u010duje na Vysokej \u0161kole m\u00fazick\u00fdch umen\u00ed<br \/>\n\u2022 Pr\u00e1ca so zdravotne znev\u00fdhodnen\u00fdmi tane\u010dn\u00edkmi. Ve\u013ek\u00fd \u00faspech \u2013 spolu s Elenkou J\u00e1gerskou pripravovali na \u0160peci\u00e1lne olympi\u00e1dy 2021 \u2013 p\u00e1r Peter I\u0161pold a Barbora Jan\u010dinov\u00e1, ktor\u00fdm sa podarilo z\u00edska\u0165 titul Majstri Sveta.<br \/>\n\u2022 Spolupr\u00e1ca so Slovensk\u00fdm n\u00e1rodn\u00fdm divadlom \u2013 choreograf popredn\u00fdch slovensk\u00fdch hercov<\/p>\n<p><strong>Telev\u00edzne projekty<\/strong><br \/>\n\u2022 Ako tane\u010dn\u00edk sa z\u00fa\u010dastnil nieko\u013ek\u00fdch s\u00e9rii telev\u00edznej show Let\u2019s dance.<br \/>\n&#8211; Let\u2019s dance 1 &#8211; spolu s partnerkou a here\u010dkou Zuzanou Fialovou si vytancovali 1. miesto a tak z\u00edskal titul \u201eKr\u00e1\u013e tanca\u201c<br \/>\n&#8211; Let\u2019s dance 3 &#8211; vytancoval si 3.miesto s Adelou Vinczeovou (Ban\u00e1\u0161ovou)<br \/>\n&#8211; Let\u2019s dance 4 &#8211; obsadil 1. miesto s Nelou Pociskovou<br \/>\n\u2022 Let\u2019s dance 2 &#8211; superv\u00edzor<br \/>\n\u2022 Projekt Tanec snov \u2013 porotca<br \/>\n\u2022 Let\u2019s dance 2022 \u2013 hlavn\u00fd choreograf a superv\u00edzor tane\u010dnej \u010dasti projektu<\/p>\n<p>\u2022 Zakladate\u013e prest\u00ed\u017enej medzin\u00e1rodnej s\u00fa\u0165a\u017ee \u201eGrand Gala\u201c pre deti a juniorov. Spolupr\u00e1ca s popredn\u00fdmi hviezdami tane\u010dn\u00e9ho sveta, ako napr\u00edklad Silvia Pitton, Frank Venables a mnoho \u010fal\u0161\u00edch, ktor\u00ed sa podie\u013eaj\u00fa na tomto kr\u00e1snom projekte.<\/p>\n<h4><strong>Pani Danka<\/strong><\/h4>\n<p>Pe\u0165ova mama, je neoddelite\u013enou s\u00fa\u010das\u0165ou Dansovie a Modr\u00e1ka. V Ra\u010d\u00edm \u00fadol\u00ed sa narodila, m\u00e1 tu v\u0161etko pod palcom a samozrejme dohliada na varenie \uf04a.<\/p>\n<h4><strong>Elenka J\u00e1gersk\u00e1<\/strong><\/h4>\n<p><strong>Vzdelanie<\/strong> &#8211; Pr\u00edrodovedeck\u00e1 fakulta Univerzity Komensk\u00e9ho, Ekol\u00f3gia<br \/>\n\u2022 Dia\u013ekov\u00e9 \u0161t\u00fadium u\u010dite\u013ea tanca<br \/>\n\u2022 Profesion\u00e1lna tane\u010dnica, tr\u00e9nerka, rozhodky\u0148a \u2013 najvy\u0161\u0161ia medzin\u00e1rodn\u00e1 licencia<br \/>\n\u2022 Spolu s man\u017eelom Igorom J\u00e1gersk\u00fdm \u2013 mnohon\u00e1sobn\u00ed finalisti a reprezentanti \u010ceskoslovenska v amat\u00e9rskom aj profesion\u00e1lnom tanci<br \/>\n\u2022 Zalo\u017eenie1. s\u00fakromnej tane\u010dnej \u0161koly na Slovensku v roku 1989 \u2013 T\u0160 Jagermajster<br \/>\n\u2022 Organizovanie medzin\u00e1rodn\u00fdch s\u00fa\u0165a\u017e\u00ed na najvy\u0161\u0161ej svetovej \u00farovni:<br \/>\nCodecon trophy (1996,1997) \u2013 jedine\u010dn\u00e1 s\u00fa\u0165a\u017e profesion\u00e1lov v bratislavskej Redute, Majstrovstv\u00e1 Eur\u00f3py profi v \u0161tandardn\u00fdch tancoch (1998), Dunajsk\u00fd poh\u00e1r, Ister cup a mnoho \u010fal\u0161\u00edch.<br \/>\n\u2022 Spolo\u010densk\u00e9 podujatia &#8211; najv\u00fdznamnej\u0161ie &#8211; obnova historick\u00e9ho podujatia &#8211; Bratislavsk\u00fd b\u00e1l v Redute<\/p>\n<p><strong>Tr\u00e9nersk\u00e1 a pedagogick\u00e1 \u010dinnos\u0165<\/strong><br \/>\n\u2022 V\u00fdchova mno\u017estva tane\u010dn\u00edkov, \u00faspe\u0161n\u00fdch na svetovej \u00farovni<br \/>\n\u2022 V\u00fduka tane\u010dn\u00fdch kurzov pre ml\u00e1de\u017e, dospel\u00fdch,<br \/>\n\u2022 V\u00fduka spolo\u010densk\u00e9ho protokolu<br \/>\n\u2022 Rozhodovanie s\u00fa\u0165a\u017e\u00ed v tane\u010dnom \u0161porte na najvy\u0161\u0161ej svetovej \u00farovni<br \/>\n\u2022 Pr\u00e1ca so zdravotne znev\u00fdhodnen\u00fdmi tane\u010dn\u00edkmi<\/p>\n<p><strong>Telev\u00edzne projekty<\/strong><br \/>\n\u2022 Bailando<br \/>\n\u2022 Let\u2019s dance &#8211; Porotky\u0148a, odborn\u00e1 spolupr\u00e1ca<\/p>\n<h4><strong>Barbora Jan\u010dinov\u00e1<\/strong><\/h4>\n<p><strong>Tane\u010dn\u00e9 \u00faspechy<\/strong><br \/>\n\u2022 Partner Peter Modrovsk\u00fd<br \/>\n\u2022 Vicemajstri SR v \u0161tandardn\u00fdch tancoch 2003 \u2013 kateg\u00f3ria ml\u00e1de\u017e<br \/>\n\u2022 Finalisti Majstrovstiev SR v \u0161tandardn\u00fdch tancoch 2004\/5\/6, Vicemajstri v roku 2006 \u2013 kateg\u00f3ria Dospel\u00ed<br \/>\n\u2022 Vicemajstri Majstrovstiev SR v 10tich tancoch 2005, tie\u017e finalisti v roku 2004<br \/>\n\u2022 Akademick\u00fd Majstri SR v \u0161tandardn\u00fdch tancoch 2004, 2005<br \/>\n\u2022 Majstri SR Dru\u017estv\u00e1 (3 p\u00e1ry) 2005<br \/>\n\u2022 Majstri SR Exib\u00edcia \u0161tandardn\u00e9 tance 2006, Vicemajstri v 2007<br \/>\n\u2022 Viacn\u00e1sobn\u00fd finalisti svetov\u00fdch s\u00fa\u0165a\u017e\u00ed<br \/>\n\u2022 Obsadenie 33. prie\u010dky v svetovom rebr\u00ed\u010dku<br \/>\n\u2022 Aktu\u00e1lne Unifikovan\u00e1 partnerka a tr\u00e9nerka zdravotne znev\u00fdhodnen\u00e9ho \u0161portovca Petra I\u0161polda, s ktor\u00fdm z\u00edskali titul Majstri sveta \u0160peci\u00e1lnych olympi\u00e1d 2021<br \/>\n\u2022 Medzin\u00e1rodn\u00e1 v\u00fdkonnostn\u00e1 trieda S<\/p>\n<p><strong>Tr\u00e9nersk\u00e1 \u010dinnos\u0165<\/strong><br \/>\n\u2022 U\u010dite\u013e tanca<br \/>\n\u2022 P\u00f4sobenie v Tane\u010dnej akad\u00e9mii od jej vzniku<br \/>\n\u2022 Akt\u00edvna tr\u00e9nersk\u00e1 \u010dinnos\u0165<br \/>\n\u2022 Pr\u00e1ca so zdravotne znev\u00fdhodnen\u00fdmi tane\u010dn\u00edkmi<\/p>\n<p><strong>Telev\u00edzne projekty<\/strong><br \/>\n\u2022 Let\u2019s dance 1 (2006) \u2013 s olympionikom Jurajom Ba\u010dom si vytancovali 2.miesto<\/p>\n<h4><strong>Dominik Cip\u00e1r<\/strong><\/h4>\n<p><strong>Tane\u010dn\u00e9 \u00faspechy<\/strong><br \/>\n\u2022 Absolvent Fakulty telesnej v\u00fdchovy a \u0161portu UK v Bratislave<br \/>\n\u2022 Diplomovan\u00fd tr\u00e9ner 5. kvalifika\u010dn\u00e9ho stup\u0148a v odbore tane\u010dn\u00fd \u0161port<br \/>\n\u2022 Medzin\u00e1rodn\u00e1 v\u00fdkonnostn\u00e1 trieda S<br \/>\n\u2022 Partnerka Dominika Ko\u017eu\u0161n\u00edkov\u00e1<br \/>\n\u2022 Majster SR v kateg\u00f3rii Junior II v latinsko-americk\u00fdch tancoch v roku 2007<br \/>\n\u2022 Majster SR v kateg\u00f3rii Ml\u00e1de\u017e v latinsko-americk\u00fdch tancoch v roku 2009<br \/>\n\u2022 Finalista Majstrovstiev SR v 10-tich tancoch v kateg\u00f3rii Ml\u00e1de\u017e (Vicemajster, rok 2009), v kateg\u00f3rii do 21 rokov (Vicemajster, rok 2012) a v kateg\u00f3rii Dospel\u00ed v rokoch 2011, 2012 a 2013<br \/>\n\u2022 Finalista Majstrovstiev SR v latinsko-americk\u00fdch tancoch v roku 2019, 2020, 2021, 2022<\/p>\n<p><strong>Telev\u00edzne projekty<\/strong><br \/>\n\u2022 Let\u2019s dance 2022 \u2013 p\u00f4sobil v t\u00edme choreografov a tie\u017e \u00fa\u010dinkoval v sprievodn\u00fdch tancoch<\/p>\n<h4><strong>Dominika Ko\u017eu\u0161n\u00edkov\u00e1<\/strong><\/h4>\n<p>Tancu sa venuje od 5tich rokov. Poch\u00e1dza z Ostravy, kde \u017eila a\u017e do roku 2020, nesk\u00f4r sa ods\u0165ahovala na Slovensko za svoj\u00edm tane\u010den\u00fdm a z\u00e1rove\u0148 \u017eivotn\u00fdm partnerom Dominikom Cip\u00e1rom.<br \/>\n<strong>Tane\u010dn\u00e9 \u00faspechy<\/strong><br \/>\n\u2022 Absolventka Gymn\u00e1zia so \u0161pecializ\u00e1ciou na modern\u00fd tanec na Jan\u00e1\u010dkovom konzervat\u00f3riu v Ostrave<br \/>\n\u2022 Reprezentovala tane\u010dn\u00fd klub TK Trend Ostava<br \/>\n\u2022 S Dominikom reprezentuje SR od roku 2017 \u2013 finalisti Majstrovstiev SR v latinsko-americk\u00fdch tancoch v kateg\u00f3rii Dospel\u00ed 2019, 2020, 2021, 2022<br \/>\n\u2022 Nieko\u013ekon\u00e1sobn\u00ed v\u00ed\u0165azi a finalisti slovensk\u00e9ho poh\u00e1ra<br \/>\n\u2022 Medzin\u00e1rodn\u00e1 v\u00fdkonnostn\u00e1 trieda S<\/p>\n<p><strong>Telev\u00edzne projekty<\/strong><br \/>\n\u2022 Let\u2019s dance 2022 \u2013 \u00fa\u010dinkovala v sprievodn\u00fdch tancoch<\/p>\n<h4><strong>Silvia Kadn\u00e1rov\u00e1<\/strong><\/h4>\n<p><strong>Tane\u010dn\u00e9 \u00faspechy<\/strong><br \/>\n\u2022 Majsterka SR v \u0161tandardn\u00fdch tancoch:<br \/>\n1997 \u2013 kateg\u00f3ria Juniori, rok 2000 \u2013 kateg\u00f3ria Ml\u00e1de\u017e, rok 2001, 2002 \u2013 kateg\u00f3ria Dospel\u00ed<br \/>\n\u2022 Vicemajsterka SR v \u0161tandardn\u00fdch tancoch:<br \/>\n1998, 1999 \u2013 kateg\u00f3ria Ml\u00e1de\u017e, rok 2000 \u2013 kateg\u00f3ria Dospel\u00ed<br \/>\n\u2022 Majsterka SR 10 tancov 2000 &#8211; kateg\u00f3ria Ml\u00e1de\u017e<br \/>\n\u2022 Naj\u00faspe\u0161nej\u0161ia tane\u010dn\u00ed\u010dka v \u0161tandardn\u00fdch tancoch 2001, 2002, celkovo naj\u00faspe\u0161nej\u0161ia tane\u010dn\u00ed\u010dka v zahrani\u010d\u00ed 2002<br \/>\n\u2022 Mnohon\u00e1sobn\u00e1 v\u00ed\u0165azka Slovensk\u00e9ho poh\u00e1ra, viacn\u00e1sobn\u00e1 finalistka IDSF IO s\u00fa\u0165a\u017e\u00ed<br \/>\n\u2022 \u0160tvr\u0165finalistka Majstrovstiev sveta<br \/>\n\u2022 7.miesto na Svetov\u00fdch hr\u00e1ch (Olympi\u00e1da neolympijsk\u00fdch \u0161portov) v Japonskej Akite<br \/>\n\u2022 Z\u00edskan\u00e9 ocenenie \u2013 Medzin\u00e1rodn\u00e1 legenda slovensk\u00e9ho tane\u010dn\u00e9ho \u0161portu<br \/>\n\u2022 Medzin\u00e1rodn\u00e1 v\u00fdkonnostn\u00e1 trieda S<\/p>\n<p><strong>Telev\u00edzne projekty<\/strong><br \/>\n\u2022 Let\u2019s dance 2 (2008) \u2013 s olympionikom Radom \u017didekom z\u00edskali 2.miesto<br \/>\n\u2022 Let\u2019s dance 3 (2009) \u2013 partner Fedor Fla\u0161\u00edk<\/p>\n<h4><strong>Vanda Pol\u00e1kov\u00e1<\/strong><\/h4>\n<p><strong>Tane\u010dn\u00e9 \u00faspechy<\/strong><br \/>\n\u2022 Majsterka SR v latinsko-americk\u00fdch tancoch 2003, 2004 \u2013 Kateg\u00f3ria Dospel\u00ed<br \/>\n\u2022 Majsterka \u010cR v latinsko-americk\u00fdch tancoch 2005 \u2013 Kateg\u00f3ria Profi<br \/>\n\u2022 Medzin\u00e1rodn\u00e1 v\u00fdkonnostn\u00e1 trieda S<br \/>\nOd roku 2007 \u017eije a p\u00f4sob\u00ed v USA v New Yorku \u2013 \u00faspechy:<br \/>\n\u2022 Vicemajsterka sveta v Salse<br \/>\n\u2022 Finalistka Majstrovstiev USA a Sveta v rokoch 2014,2015,2016<\/p>\n<p>Predned\u00e1vnom si otvorila vlastn\u00fa tane\u010den\u00fa \u0161kolu na Manhattane &#8211; Big Apple Ballroom.<\/p>\n<p><strong>Tr\u00e9nersk\u00e1 \u010dinnos\u0165<\/strong><br \/>\n\u2022 Akt\u00edvne sa venuje tancu vyst\u00fapeniami, u\u010den\u00edm a tvorbou choreografi\u00ed pre s\u00fa\u0165a\u017ene a rekrea\u010dn\u00e9 tane\u010dn\u00e9 p\u00e1ry<\/p>\n<p><strong>Telev\u00edzne projekty<\/strong><br \/>\n\u2022 Let\u2019s dance 2022 \u2013 s hercom J\u00e1nom Kolen\u00edkom z\u00edskali 1.miesto<\/p>\n<h4><strong>Miroslav Martinovi\u010d<\/strong><\/h4>\n<p><strong>Tane\u010dn\u00e9 \u00faspechy<\/strong><br \/>\n\u2022 Tane\u010dn\u00fa kari\u00e9ru za\u010dal v roku 1993 v TK Jagermajster pod veden\u00edm Eleny a Igora J\u00e1gersk\u00fdch . S\u00fa\u0165a\u017en\u00fdm spolo\u010densk\u00fdm tancom sa venoval do roku 2010. \u0160pecializoval sa na latinsko-americk\u00e9 tance<br \/>\n\u2022 Medzin\u00e1rodn\u00e1 v\u00fdkonnostn\u00e1 trieda S<br \/>\n\u2022 Viacn\u00e1sobn\u00fd finalista Majstrovstiev SR v latinsko-americk\u00fdch tancoch<br \/>\n\u2022 V roku 2001 z\u00edskal tr\u00e9nersky certifik\u00e1t pre z\u00e1kladn\u00e9 kateg\u00f3rie spolo\u010densk\u00fdch tancov<br \/>\n\u2022 Svoje tr\u00e9nerske dovednosti si obohatil aj p\u00f4soben\u00edm v Bostone (USA), kde vyu\u010doval a s\u00fa\u0165a\u017eil v kateg\u00f3rii Pro\/Am.<br \/>\n\u2022 Od roku 2021 je dr\u017eite\u013eom certifik\u00e1tu &#8220;Pilates in\u0161trukor&#8221;.<\/p>\n<p><strong>Muzik\u00e1lov\u00e9 produkcie a tane\u010dn\u00e9 divadlo<\/strong><br \/>\n\u2022 Od roku 2005 pracuje ako profesion\u00e1lny tane\u010dn\u00edk na r\u00f4znych divadeln\u00fdch sc\u00e9nach a v produkci\u00e1ch doma i v zahrani\u010di.<br \/>\n\u2022 Zo zahrani\u010dn\u00fdch sc\u00e9n v\u00fdst\u00fapil na sc\u00e9nach v Mexiku, F\u00ednsku, Ma\u010farsku, Rak\u00fasku a \u010cech\u00e1ch. Na dom\u00e1cich sc\u00e9na p\u00f4sob\u00ed aj v produkci\u00e1ch v SND. Najdlhodobej\u0161ie, u\u017e viac ako 16. sez\u00f3n, je to na dosk\u00e1ch divadla Nov\u00e1 sc\u00e9na.<br \/>\n\u2022 Je dlhoro\u010dn\u00fdm \u010dlenom Slovensk\u00e9ho divadla tanca (tane\u010dn\u00fd s\u00fabor J. \u010eurov\u010d\u00edka. Taktie\u017e je \u010dlenom tane\u010dnej skupiny Credance (pod veden\u00edm L. Cmoreja) s ktor\u00fdm si vys\u00fa\u0165a\u017eili fin\u00e1le v tv show \u010ceskoslovensko m\u00e1 talent 2012. So skupinou DanceCool Crew (tane\u010dn\u00e1 skupina K. Jake\u0161 &#8211; \u0160tumpfovej) si o 4 roky nesk\u00f4r taktie\u017e vys\u00fa\u0165a\u017eil fin\u00e1lov\u00e9 umiestnenie v tej istej tv show.<\/p>\n<p><strong>Telev\u00edzne projekty<\/strong><br \/>\n\u2022 Choreograficky a tane\u010dne spolupracoval pri tvorbe r\u00f4znych TV projektoch &#8211; Chart Show, 2 na 1, Miss Universe Slovensko, Let&#8217;s dance a in\u00e9.<\/p>\n<h4><strong>Lucia \u0160imkov\u00e1<\/strong><\/h4>\n<p>S tancom za\u010dala v tane\u010dnej \u0161kole Jagermajster. Prv\u00fd tane\u010dn\u00fd partner \u2013 Peter Modrovsk\u00fd.<br \/>\nSo svojim druh\u00fdm tane\u010dn\u00fdm partnerom si vytancovala v\u00fdkonnostn\u00fa triedu B.<\/p>\n<p><strong>Tane\u010dn\u00e9 aktivity<\/strong><br \/>\n\u2022 Vy\u0161e 16 rokov sa venuje orient\u00e1lnym bru\u0161n\u00fdm tancom, dlh\u00e9 roky p\u00f4sobila ako lektorka a choreografka bru\u0161n\u00e9ho orient\u00e1lneho tanca<br \/>\n\u2022 Orient\u00e1lny tanec sa st\u00e1le u\u010d\u00ed a zdokona\u013euje sa pravidelne u najuzn\u00e1vanej\u0161\u00edch tane\u010dn\u00fdch lektorov z Egypta, ale aj in\u00fdch kraj\u00edn sveta<br \/>\n\u2022 Akt\u00edvna tane\u010dn\u00ed\u010dka, porotky\u0148a, lektorka workshopov na Slovensku aj v zahrani\u010d\u00ed<br \/>\n\u2022 Dr\u017eite\u013eka viacer\u00fdch v\u00ed\u0165azstiev z ve\u013ek\u00fdch medzin\u00e1rodn\u00fdch s\u00fa\u0165a\u017e\u00ed<br \/>\n\u2022 Aktu\u00e1lny projekt \u2013 tane\u010dn\u00e1 skupina Aphrodisia Dance Company, ktor\u00e1 s\u013eubuje \u201evyst\u00fapenie na hrane v\u0161etk\u00fdch zmyslov\u201c<\/p>\n<h4><strong>M\u00e1rio Lopez<\/strong><\/h4>\n<p><strong>Tane\u010dn\u00e9 \u00faspechy<\/strong><br \/>\n\u2022 Absolvent tane\u010dn\u00e9ho konzervat\u00f3ria \u2013 U\u010dite\u013e tanca<br \/>\n\u2022 Spolo\u010densk\u00fdm tancom sa venoval vy\u0161e 25 rokov<br \/>\n\u2022 Majster Slovenska a Majster Eur\u00f3py v Salse 2005<br \/>\n\u2022 Vicemajster sveta v Salse 2009<br \/>\n\u2022 V\u00ed\u0165az svetov\u00e9ho poh\u00e1ra WADF 2013 v Salsa Shines<\/p>\n<p>\u2022 Akt\u00edvny tane\u010dn\u00edk, choreograf, anim\u00e1tor, in\u0161truktor Zumby, u\u010dite\u013e Salsy a DJ.<\/p>\n<p><strong>Telev\u00edzne projekty<\/strong><br \/>\n\u2022 Choreograf v r\u00f4znych TV projektoch &#8211; Let\u2019s dance, Slovensko m\u00e1 talent, Talentmania, Silvester na Mark\u00edze, Miss Universe, Cat girl&#8230;<\/p>\n<h4><strong>Pavel Mois\u00e9s<\/strong><\/h4>\n<p><strong>Tane\u010dn\u00e9 \u00faspechy<\/strong><br \/>\n\u2022 Majster SR v latinsko-americk\u00fdch tancoch 1994 \u2013 kateg\u00f3ria Junior<br \/>\n\u2022 Medzin\u00e1rodn\u00e1 v\u00fdkonnostn\u00e1 trieda S<br \/>\n\u2022 19 rokov vyu\u010doval na konzervat\u00f3riu a V\u0160MU spolo\u010densk\u00e9 tance<br \/>\n\u2022 Akt\u00edvny tane\u010dn\u00edk a choreograf argent\u00ednskeho tanga<\/p>\n<p>\u2022 Tr\u00e9ner bojov\u00e9ho umenia Tai Chi &#8211; vy\u0161e 20 rokov, Tai chi je ide\u00e1lny pohybov\u00fd doplnok pre ak\u00fdko\u013evek tanec, akt\u00edvne sa venuje aj Kung Fu<\/p>\n<p><strong>Telev\u00edzne projekty<\/strong><br \/>\n\u2022 P\u00f4sobil v STV ako moder\u00e1tor detskej rel\u00e1cie Crn Crn<br \/>\n\u2022 11 rokov \u00fa\u010dinkoval v predstaven\u00ed Tan\u010diare\u0148 v SND[\/vc_column_text][\/vc_column][\/vc_row]<\/p>\n","protected":false},"excerpt":{"rendered":"<p>[vc_row css=&#8221;.vc_custom_1580216393405{padding-right: 0px !important;padding-left: 0px !important;}&#8221;][vc_column][vc_custom_heading text=&#8221;N\u00c1\u0160 T\u00cdM&#8221; font_container=&#8221;tag:h2|text_align:center&#8221; google_fonts=&#8221;font_family:Roboto%20Slab%3A100%2C300%2Cregular%2C700|font_style:400%20regular%3A400%3Anormal&#8221;][vc_single_image image=&#8221;4378&#8243; img_size=&#8221;full&#8221; alignment=&#8221;center&#8221;][vc_column_text] Peter Modrovsk\u00fd Tane\u010dn\u00e9 \u00faspechy S tancom za\u010dal ako 8 ro\u010dn\u00fd v T\u0160 Jagermajster u man\u017eelov J\u00e1gersk\u00fdch \u2022 Partnerka Barbora Jan\u010dinov\u00e1 \u2022 Vicemajstri SR v \u0161tandardn\u00fdch tancoch 2003 \u2013 kateg\u00f3ria ml\u00e1de\u017e \u2022 Finalisti Majstrovstiev SR v \u0161tandardn\u00fdch tancoch 2004\/5\/6, Vicemajstri v roku 2006<\/p>\n<p class=\"more-link-wrapper\"><a class=\"btn btn-primary\" href=\"https:\/\/www.modrakworld.com\/?page_id=4335\">Read More<\/a><\/p>\n","protected":false},"author":1,"featured_media":0,"parent":0,"menu_order":0,"comment_status":"closed","ping_status":"closed","template":"","meta":[],"yoast_head":"<!-- This site is optimized with the Yoast SEO plugin v18.0 - https:\/\/yoast.com\/wordpress\/plugins\/seo\/ -->\n<title>T\u00edm - Modr\u00e1k - \u010carovn\u00fd svet tanca<\/title>\n<meta name=\"robots\" content=\"index, follow, max-snippet:-1, max-image-preview:large, max-video-preview:-1\" \/>\n<link rel=\"canonical\" href=\"https:\/\/www.modrakworld.com\/?page_id=4335\" \/>\n<meta property=\"og:locale\" content=\"en_US\" \/>\n<meta property=\"og:type\" content=\"article\" \/>\n<meta property=\"og:title\" content=\"T\u00edm - Modr\u00e1k - \u010carovn\u00fd svet tanca\" \/>\n<meta property=\"og:description\" content=\"[vc_row css=&#8221;.vc_custom_1580216393405{padding-right: 0px !important;padding-left: 0px !important;}&#8221;][vc_column][vc_custom_heading text=&#8221;N\u00c1\u0160 T\u00cdM&#8221; font_container=&#8221;tag:h2|text_align:center&#8221; google_fonts=&#8221;font_family:Roboto%20Slab%3A100%2C300%2Cregular%2C700|font_style:400%20regular%3A400%3Anormal&#8221;][vc_single_image image=&#8221;4378&#8243; img_size=&#8221;full&#8221; alignment=&#8221;center&#8221;][vc_column_text] Peter Modrovsk\u00fd Tane\u010dn\u00e9 \u00faspechy S tancom za\u010dal ako 8 ro\u010dn\u00fd v T\u0160 Jagermajster u man\u017eelov J\u00e1gersk\u00fdch \u2022 Partnerka Barbora Jan\u010dinov\u00e1 \u2022 Vicemajstri SR v \u0161tandardn\u00fdch tancoch 2003 \u2013 kateg\u00f3ria ml\u00e1de\u017e \u2022 Finalisti Majstrovstiev SR v \u0161tandardn\u00fdch tancoch 2004\/5\/6, Vicemajstri v roku 2006Read More\" \/>\n<meta property=\"og:url\" content=\"https:\/\/www.modrakworld.com\/?page_id=4335\" \/>\n<meta property=\"og:site_name\" content=\"Modr\u00e1k - \u010carovn\u00fd svet tanca\" \/>\n<meta property=\"article:modified_time\" content=\"2022-06-02T11:29:43+00:00\" \/>\n<meta name=\"twitter:card\" content=\"summary_large_image\" \/>\n<meta name=\"twitter:label1\" content=\"Est. reading time\" \/>\n\t<meta name=\"twitter:data1\" content=\"7 minutes\" \/>\n<script type=\"application\/ld+json\" class=\"yoast-schema-graph\">{\"@context\":\"https:\/\/schema.org\",\"@graph\":[{\"@type\":\"WebSite\",\"@id\":\"https:\/\/www.modrakworld.com\/#website\",\"url\":\"https:\/\/www.modrakworld.com\/\",\"name\":\"Modr\u00e1k - \u010carovn\u00fd svet tanca\",\"description\":\"Modr\u00e1k - \u010carovn\u00fd svet tanca\",\"potentialAction\":[{\"@type\":\"SearchAction\",\"target\":{\"@type\":\"EntryPoint\",\"urlTemplate\":\"https:\/\/www.modrakworld.com\/?s={search_term_string}\"},\"query-input\":\"required name=search_term_string\"}],\"inLanguage\":\"en-US\"},{\"@type\":\"WebPage\",\"@id\":\"https:\/\/www.modrakworld.com\/?page_id=4335#webpage\",\"url\":\"https:\/\/www.modrakworld.com\/?page_id=4335\",\"name\":\"T\u00edm - Modr\u00e1k - \u010carovn\u00fd svet tanca\",\"isPartOf\":{\"@id\":\"https:\/\/www.modrakworld.com\/#website\"},\"datePublished\":\"2022-06-01T09:50:41+00:00\",\"dateModified\":\"2022-06-02T11:29:43+00:00\",\"breadcrumb\":{\"@id\":\"https:\/\/www.modrakworld.com\/?page_id=4335#breadcrumb\"},\"inLanguage\":\"en-US\",\"potentialAction\":[{\"@type\":\"ReadAction\",\"target\":[\"https:\/\/www.modrakworld.com\/?page_id=4335\"]}]},{\"@type\":\"BreadcrumbList\",\"@id\":\"https:\/\/www.modrakworld.com\/?page_id=4335#breadcrumb\",\"itemListElement\":[{\"@type\":\"ListItem\",\"position\":1,\"name\":\"\u00davod\",\"item\":\"https:\/\/www.modrakworld.com\/\"},{\"@type\":\"ListItem\",\"position\":2,\"name\":\"T\u00edm\"}]}]}<\/script>\n<!-- \/ Yoast SEO plugin. -->","yoast_head_json":{"title":"T\u00edm - Modr\u00e1k - \u010carovn\u00fd svet tanca","robots":{"index":"index","follow":"follow","max-snippet":"max-snippet:-1","max-image-preview":"max-image-preview:large","max-video-preview":"max-video-preview:-1"},"canonical":"https:\/\/www.modrakworld.com\/?page_id=4335","og_locale":"en_US","og_type":"article","og_title":"T\u00edm - Modr\u00e1k - \u010carovn\u00fd svet tanca","og_description":"[vc_row css=&#8221;.vc_custom_1580216393405{padding-right: 0px !important;padding-left: 0px !important;}&#8221;][vc_column][vc_custom_heading text=&#8221;N\u00c1\u0160 T\u00cdM&#8221; font_container=&#8221;tag:h2|text_align:center&#8221; google_fonts=&#8221;font_family:Roboto%20Slab%3A100%2C300%2Cregular%2C700|font_style:400%20regular%3A400%3Anormal&#8221;][vc_single_image image=&#8221;4378&#8243; img_size=&#8221;full&#8221; alignment=&#8221;center&#8221;][vc_column_text] Peter Modrovsk\u00fd Tane\u010dn\u00e9 \u00faspechy S tancom za\u010dal ako 8 ro\u010dn\u00fd v T\u0160 Jagermajster u man\u017eelov J\u00e1gersk\u00fdch \u2022 Partnerka Barbora Jan\u010dinov\u00e1 \u2022 Vicemajstri SR v \u0161tandardn\u00fdch tancoch 2003 \u2013 kateg\u00f3ria ml\u00e1de\u017e \u2022 Finalisti Majstrovstiev SR v \u0161tandardn\u00fdch tancoch 2004\/5\/6, Vicemajstri v roku 2006Read More","og_url":"https:\/\/www.modrakworld.com\/?page_id=4335","og_site_name":"Modr\u00e1k - \u010carovn\u00fd svet tanca","article_modified_time":"2022-06-02T11:29:43+00:00","twitter_card":"summary_large_image","twitter_misc":{"Est. reading time":"7 minutes"},"schema":{"@context":"https:\/\/schema.org","@graph":[{"@type":"WebSite","@id":"https:\/\/www.modrakworld.com\/#website","url":"https:\/\/www.modrakworld.com\/","name":"Modr\u00e1k - \u010carovn\u00fd svet tanca","description":"Modr\u00e1k - \u010carovn\u00fd svet tanca","potentialAction":[{"@type":"SearchAction","target":{"@type":"EntryPoint","urlTemplate":"https:\/\/www.modrakworld.com\/?s={search_term_string}"},"query-input":"required name=search_term_string"}],"inLanguage":"en-US"},{"@type":"WebPage","@id":"https:\/\/www.modrakworld.com\/?page_id=4335#webpage","url":"https:\/\/www.modrakworld.com\/?page_id=4335","name":"T\u00edm - Modr\u00e1k - \u010carovn\u00fd svet tanca","isPartOf":{"@id":"https:\/\/www.modrakworld.com\/#website"},"datePublished":"2022-06-01T09:50:41+00:00","dateModified":"2022-06-02T11:29:43+00:00","breadcrumb":{"@id":"https:\/\/www.modrakworld.com\/?page_id=4335#breadcrumb"},"inLanguage":"en-US","potentialAction":[{"@type":"ReadAction","target":["https:\/\/www.modrakworld.com\/?page_id=4335"]}]},{"@type":"BreadcrumbList","@id":"https:\/\/www.modrakworld.com\/?page_id=4335#breadcrumb","itemListElement":[{"@type":"ListItem","position":1,"name":"\u00davod","item":"https:\/\/www.modrakworld.com\/"},{"@type":"ListItem","position":2,"name":"T\u00edm"}]}]}},"_links":{"self":[{"href":"https:\/\/www.modrakworld.com\/index.php?rest_route=\/wp\/v2\/pages\/4335"}],"collection":[{"href":"https:\/\/www.modrakworld.com\/index.php?rest_route=\/wp\/v2\/pages"}],"about":[{"href":"https:\/\/www.modrakworld.com\/index.php?rest_route=\/wp\/v2\/types\/page"}],"author":[{"embeddable":true,"href":"https:\/\/www.modrakworld.com\/index.php?rest_route=\/wp\/v2\/users\/1"}],"replies":[{"embeddable":true,"href":"https:\/\/www.modrakworld.com\/index.php?rest_route=%2Fwp%2Fv2%2Fcomments&post=4335"}],"version-history":[{"count":7,"href":"https:\/\/www.modrakworld.com\/index.php?rest_route=\/wp\/v2\/pages\/4335\/revisions"}],"predecessor-version":[{"id":4393,"href":"https:\/\/www.modrakworld.com\/index.php?rest_route=\/wp\/v2\/pages\/4335\/revisions\/4393"}],"wp:attachment":[{"href":"https:\/\/www.modrakworld.com\/index.php?rest_route=%2Fwp%2Fv2%2Fmedia&parent=4335"}],"curies":[{"name":"wp","href":"https:\/\/api.w.org\/{rel}","templated":true}]}}